{"id":161,"date":"2021-08-02T15:18:47","date_gmt":"2021-08-02T19:18:47","guid":{"rendered":"https:\/\/www.blackblanc.ca\/?page_id=161"},"modified":"2022-07-25T14:20:20","modified_gmt":"2022-07-25T18:20:20","slug":"thanks","status":"publish","type":"page","link":"http:\/\/www.blackblanc.ca\/en\/thanks\/","title":{"rendered":"Thanks quote"},"content":{"rendered":"","protected":false},"excerpt":{"rendered":"","protected":false},"author":2,"featured_media":0,"parent":0,"menu_order":0,"comment_status":"closed","ping_status":"closed","template":"thanks-page.php","meta":{"inline_featured_image":false},"acf":[],"yoast_head":"<!-- This site is optimized with the Yoast SEO plugin v19.4 - https:\/\/yoast.com\/wordpress\/plugins\/seo\/ -->\n<title>Thanks quote - Les Conceptions Black et Blanc<\/title>\n<meta name=\"robots\" content=\"index, follow, max-snippet:-1, max-image-preview:large, max-video-preview:-1\" \/>\n<link rel=\"canonical\" href=\"http:\/\/www.blackblanc.ca\/en\/thanks\/\" \/>\n<meta property=\"og:locale\" content=\"en_US\" \/>\n<meta property=\"og:type\" content=\"article\" \/>\n<meta property=\"og:title\" content=\"Thanks quote - Les Conceptions Black et Blanc\" \/>\n<meta property=\"og:url\" content=\"http:\/\/www.blackblanc.ca\/en\/thanks\/\" \/>\n<meta property=\"og:site_name\" content=\"Les Conceptions Black et Blanc\" \/>\n<meta property=\"article:modified_time\" content=\"2022-07-25T18:20:20+00:00\" \/>\n<meta name=\"twitter:card\" content=\"summary_large_image\" \/>\n<script type=\"application\/ld+json\" class=\"yoast-schema-graph\">{\"@context\":\"https:\/\/schema.org\",\"@graph\":[{\"@type\":\"Organization\",\"@id\":\"http:\/\/www.blackblanc.ca\/#organization\",\"name\":\"Les Conceptions Black et Blanc - Entrepreneur g\u00e9n\u00e9ral Montr\u00e9al\",\"url\":\"http:\/\/www.blackblanc.ca\/\",\"sameAs\":[],\"logo\":{\"@type\":\"ImageObject\",\"inLanguage\":\"en-US\",\"@id\":\"http:\/\/www.blackblanc.ca\/#\/schema\/logo\/image\/\",\"url\":\"https:\/\/www.blackblanc.ca\/wp-content\/uploads\/2021\/08\/Logo-web@3x-201x300-1.png\",\"contentUrl\":\"https:\/\/www.blackblanc.ca\/wp-content\/uploads\/2021\/08\/Logo-web@3x-201x300-1.png\",\"width\":201,\"height\":300,\"caption\":\"Les Conceptions Black et Blanc - Entrepreneur g\u00e9n\u00e9ral Montr\u00e9al\"},\"image\":{\"@id\":\"http:\/\/www.blackblanc.ca\/#\/schema\/logo\/image\/\"}},{\"@type\":\"WebSite\",\"@id\":\"http:\/\/www.blackblanc.ca\/#website\",\"url\":\"http:\/\/www.blackblanc.ca\/\",\"name\":\"Les Conceptions Black et Blanc\",\"description\":\"Entrepreneur g\u00e9n\u00e9ral Montr\u00e9al\",\"publisher\":{\"@id\":\"http:\/\/www.blackblanc.ca\/#organization\"},\"potentialAction\":[{\"@type\":\"SearchAction\",\"target\":{\"@type\":\"EntryPoint\",\"urlTemplate\":\"http:\/\/www.blackblanc.ca\/?s={search_term_string}\"},\"query-input\":\"required name=search_term_string\"}],\"inLanguage\":\"en-US\"},{\"@type\":\"WebPage\",\"@id\":\"http:\/\/www.blackblanc.ca\/en\/thanks\/\",\"url\":\"http:\/\/www.blackblanc.ca\/en\/thanks\/\",\"name\":\"Thanks quote - Les Conceptions Black et Blanc\",\"isPartOf\":{\"@id\":\"http:\/\/www.blackblanc.ca\/#website\"},\"datePublished\":\"2021-08-02T19:18:47+00:00\",\"dateModified\":\"2022-07-25T18:20:20+00:00\",\"breadcrumb\":{\"@id\":\"http:\/\/www.blackblanc.ca\/en\/thanks\/#breadcrumb\"},\"inLanguage\":\"en-US\",\"potentialAction\":[{\"@type\":\"ReadAction\",\"target\":[\"http:\/\/www.blackblanc.ca\/en\/thanks\/\"]}]},{\"@type\":\"BreadcrumbList\",\"@id\":\"http:\/\/www.blackblanc.ca\/en\/thanks\/#breadcrumb\",\"itemListElement\":[{\"@type\":\"ListItem\",\"position\":1,\"name\":\"Home\",\"item\":\"http:\/\/www.blackblanc.ca\/en\/\"},{\"@type\":\"ListItem\",\"position\":2,\"name\":\"Thanks quote\"}]}]}<\/script>\n<!-- \/ Yoast SEO plugin. -->","yoast_head_json":{"title":"Thanks quote - Les Conceptions Black et Blanc","robots":{"index":"index","follow":"follow","max-snippet":"max-snippet:-1","max-image-preview":"max-image-preview:large","max-video-preview":"max-video-preview:-1"},"canonical":"http:\/\/www.blackblanc.ca\/en\/thanks\/","og_locale":"en_US","og_type":"article","og_title":"Thanks quote - Les Conceptions Black et Blanc","og_url":"http:\/\/www.blackblanc.ca\/en\/thanks\/","og_site_name":"Les Conceptions Black et Blanc","article_modified_time":"2022-07-25T18:20:20+00:00","twitter_card":"summary_large_image","schema":{"@context":"https:\/\/schema.org","@graph":[{"@type":"Organization","@id":"http:\/\/www.blackblanc.ca\/#organization","name":"Les Conceptions Black et Blanc - Entrepreneur g\u00e9n\u00e9ral Montr\u00e9al","url":"http:\/\/www.blackblanc.ca\/","sameAs":[],"logo":{"@type":"ImageObject","inLanguage":"en-US","@id":"http:\/\/www.blackblanc.ca\/#\/schema\/logo\/image\/","url":"https:\/\/www.blackblanc.ca\/wp-content\/uploads\/2021\/08\/Logo-web@3x-201x300-1.png","contentUrl":"https:\/\/www.blackblanc.ca\/wp-content\/uploads\/2021\/08\/Logo-web@3x-201x300-1.png","width":201,"height":300,"caption":"Les Conceptions Black et Blanc - Entrepreneur g\u00e9n\u00e9ral Montr\u00e9al"},"image":{"@id":"http:\/\/www.blackblanc.ca\/#\/schema\/logo\/image\/"}},{"@type":"WebSite","@id":"http:\/\/www.blackblanc.ca\/#website","url":"http:\/\/www.blackblanc.ca\/","name":"Les Conceptions Black et Blanc","description":"Entrepreneur g\u00e9n\u00e9ral Montr\u00e9al","publisher":{"@id":"http:\/\/www.blackblanc.ca\/#organization"},"potentialAction":[{"@type":"SearchAction","target":{"@type":"EntryPoint","urlTemplate":"http:\/\/www.blackblanc.ca\/?s={search_term_string}"},"query-input":"required name=search_term_string"}],"inLanguage":"en-US"},{"@type":"WebPage","@id":"http:\/\/www.blackblanc.ca\/en\/thanks\/","url":"http:\/\/www.blackblanc.ca\/en\/thanks\/","name":"Thanks quote - Les Conceptions Black et Blanc","isPartOf":{"@id":"http:\/\/www.blackblanc.ca\/#website"},"datePublished":"2021-08-02T19:18:47+00:00","dateModified":"2022-07-25T18:20:20+00:00","breadcrumb":{"@id":"http:\/\/www.blackblanc.ca\/en\/thanks\/#breadcrumb"},"inLanguage":"en-US","potentialAction":[{"@type":"ReadAction","target":["http:\/\/www.blackblanc.ca\/en\/thanks\/"]}]},{"@type":"BreadcrumbList","@id":"http:\/\/www.blackblanc.ca\/en\/thanks\/#breadcrumb","itemListElement":[{"@type":"ListItem","position":1,"name":"Home","item":"http:\/\/www.blackblanc.ca\/en\/"},{"@type":"ListItem","position":2,"name":"Thanks quote"}]}]}},"_links":{"self":[{"href":"http:\/\/www.blackblanc.ca\/en\/wp-json\/wp\/v2\/pages\/161"}],"collection":[{"href":"http:\/\/www.blackblanc.ca\/en\/wp-json\/wp\/v2\/pages"}],"about":[{"href":"http:\/\/www.blackblanc.ca\/en\/wp-json\/wp\/v2\/types\/page"}],"author":[{"embeddable":true,"href":"http:\/\/www.blackblanc.ca\/en\/wp-json\/wp\/v2\/users\/2"}],"replies":[{"embeddable":true,"href":"http:\/\/www.blackblanc.ca\/en\/wp-json\/wp\/v2\/comments?post=161"}],"version-history":[{"count":7,"href":"http:\/\/www.blackblanc.ca\/en\/wp-json\/wp\/v2\/pages\/161\/revisions"}],"predecessor-version":[{"id":533,"href":"http:\/\/www.blackblanc.ca\/en\/wp-json\/wp\/v2\/pages\/161\/revisions\/533"}],"wp:attachment":[{"href":"http:\/\/www.blackblanc.ca\/en\/wp-json\/wp\/v2\/media?parent=161"}],"curies":[{"name":"wp","href":"https:\/\/api.w.org\/{rel}","templated":true}]}}